{"id":580,"date":"2021-02-11T15:24:38","date_gmt":"2021-02-11T15:24:38","guid":{"rendered":"http:\/\/mezoactive.com\/?page_id=580"},"modified":"2026-02-08T19:14:32","modified_gmt":"2026-02-08T19:14:32","slug":"advanced-homepage","status":"publish","type":"page","link":"http:\/\/mezoactive.com\/","title":{"rendered":"Advanced Homepage"},"content":{"rendered":"\n<div class=\"wp-block-cover alignfull is-light\" style=\"min-height:512px;aspect-ratio:unset;\"><span aria-hidden=\"true\" class=\"wp-block-cover__background has-white-background-color has-background-dim-60 has-background-dim\"><\/span><img loading=\"lazy\" decoding=\"async\" width=\"2280\" height=\"1200\" class=\"wp-block-cover__image-background wp-image-643\" alt=\"\" src=\"http:\/\/mezoactive.com\/wp-content\/uploads\/2021\/02\/StockSnap_9FM2TZZYP4-ctdl.jpg\" data-object-fit=\"cover\" srcset=\"http:\/\/mezoactive.com\/wp-content\/uploads\/2021\/02\/StockSnap_9FM2TZZYP4-ctdl.jpg 2280w, http:\/\/mezoactive.com\/wp-content\/uploads\/2021\/02\/StockSnap_9FM2TZZYP4-ctdl-300x158.jpg 300w, http:\/\/mezoactive.com\/wp-content\/uploads\/2021\/02\/StockSnap_9FM2TZZYP4-ctdl-1024x539.jpg 1024w, http:\/\/mezoactive.com\/wp-content\/uploads\/2021\/02\/StockSnap_9FM2TZZYP4-ctdl-768x404.jpg 768w, http:\/\/mezoactive.com\/wp-content\/uploads\/2021\/02\/StockSnap_9FM2TZZYP4-ctdl-1536x808.jpg 1536w, http:\/\/mezoactive.com\/wp-content\/uploads\/2021\/02\/StockSnap_9FM2TZZYP4-ctdl-2048x1078.jpg 2048w\" sizes=\"auto, (max-width: 2280px) 100vw, 2280px\" \/><div class=\"wp-block-cover__inner-container is-layout-flow wp-block-cover-is-layout-flow\">\n<h1 class=\"wp-block-heading has-text-color\" style=\"color:#222222;font-size:50px\"><strong><strong>Uzun Kal\u0131c\u0131l\u0131k S\u00fcreli Hyaluronik Asit Dolgular\u0131m\u0131z ile Do\u011fal G\u00f6r\u00fcn\u00fc<\/strong><\/strong>m<\/h1>\n\n\n\n<p class=\"has-text-color\" style=\"color:#61605f\"><\/p>\n<\/div><\/div>\n\n\n\n<div style=\"height:110px\" aria-hidden=\"true\" class=\"wp-block-spacer\"><\/div>\n\n\n\n<div class=\"wp-block-columns alignwide is-layout-flex wp-container-core-columns-is-layout-1 wp-block-columns-is-layout-flex\">\n<div class=\"wp-block-column is-layout-flow wp-block-column-is-layout-flow\">\n<div class=\"wp-block-cover is-light has-custom-content-position is-position-top-left\" style=\"min-height:200px;aspect-ratio:unset;\"><span aria-hidden=\"true\" class=\"wp-block-cover__background has-background-dim-0 has-background-dim\" style=\"background-color:#c8c0bc\"><\/span><img loading=\"lazy\" decoding=\"async\" width=\"642\" height=\"646\" class=\"wp-block-cover__image-background wp-image-697\" alt=\"\" src=\"http:\/\/mezoactive.com\/wp-content\/uploads\/2026\/02\/Rejeunesse-Sample.webp\" data-object-fit=\"cover\" srcset=\"http:\/\/mezoactive.com\/wp-content\/uploads\/2026\/02\/Rejeunesse-Sample.webp 642w, http:\/\/mezoactive.com\/wp-content\/uploads\/2026\/02\/Rejeunesse-Sample-298x300.webp 298w, http:\/\/mezoactive.com\/wp-content\/uploads\/2026\/02\/Rejeunesse-Sample-150x150.webp 150w\" sizes=\"auto, (max-width: 642px) 100vw, 642px\" \/><div class=\"wp-block-cover__inner-container is-layout-flow wp-block-cover-is-layout-flow\">\n<div class=\"wp-block-buttons is-horizontal is-content-justification-left is-layout-flex wp-container-core-buttons-is-layout-1 wp-block-buttons-is-layout-flex\">\n<div class=\"wp-block-button is-style-outline is-style-outline--1\"><a class=\"wp-block-button__link has-white-color has-text-color no-border-radius wp-element-button\" href=\"http:\/\/mezoactive.com\/about\/\"><strong>H<\/strong>akk\u0131nda<\/a><\/div>\n<\/div>\n<\/div><\/div>\n\n\n\n<p class=\"has-text-color has-background\" style=\"color:#222222;background-color:#e5e8ed\"><a href=\"https:\/\/www.rejeunesse-fhl.com\/tr\" data-type=\"link\" data-id=\"https:\/\/www.rejeunesse-fhl.com\/tr\">Rejeunesse hakk\u0131nda daha fazla bilgi<\/a><\/p>\n<\/div>\n\n\n\n<div class=\"wp-block-column is-layout-flow wp-block-column-is-layout-flow\">\n<div class=\"wp-block-cover is-light has-custom-content-position is-position-top-left\" style=\"min-height:200px;aspect-ratio:unset;\"><span aria-hidden=\"true\" class=\"wp-block-cover__background has-background-dim-0 has-background-dim\" style=\"background-color:#c6cad5\"><\/span><img loading=\"lazy\" decoding=\"async\" width=\"1023\" height=\"682\" class=\"wp-block-cover__image-background wp-image-707\" alt=\"\" src=\"http:\/\/mezoactive.com\/wp-content\/uploads\/2026\/02\/depositphotos_76424653-stock-photo-doctors-having-brainstorming-session.jpg\" data-object-fit=\"cover\" srcset=\"http:\/\/mezoactive.com\/wp-content\/uploads\/2026\/02\/depositphotos_76424653-stock-photo-doctors-having-brainstorming-session.jpg 1023w, http:\/\/mezoactive.com\/wp-content\/uploads\/2026\/02\/depositphotos_76424653-stock-photo-doctors-having-brainstorming-session-300x200.jpg 300w, http:\/\/mezoactive.com\/wp-content\/uploads\/2026\/02\/depositphotos_76424653-stock-photo-doctors-having-brainstorming-session-768x512.jpg 768w\" sizes=\"auto, (max-width: 1023px) 100vw, 1023px\" \/><div class=\"wp-block-cover__inner-container is-layout-flow wp-block-cover-is-layout-flow\">\n<div class=\"wp-block-buttons is-layout-flex wp-block-buttons-is-layout-flex\">\n<div class=\"wp-block-button is-style-outline is-style-outline--2\"><a class=\"wp-block-button__link has-white-color has-text-color no-border-radius wp-element-button\" href=\"http:\/\/mezoactive.com\/blog\/\"><strong>E<\/strong>\u011fitim<\/a><\/div>\n<\/div>\n<\/div><\/div>\n\n\n\n<p class=\"has-text-color has-background\" style=\"color:#222222;background-color:#e5e8ed\">E\u011fitim videolar\u0131<\/p>\n<\/div>\n\n\n\n<div class=\"wp-block-column is-layout-flow wp-block-column-is-layout-flow\">\n<div class=\"wp-block-cover is-light has-custom-content-position is-position-top-left\" style=\"min-height:200px;aspect-ratio:unset;\"><span aria-hidden=\"true\" class=\"wp-block-cover__background has-background-dim-0 has-background-dim\" style=\"background-color:#d7b6ac\"><\/span><img loading=\"lazy\" decoding=\"async\" width=\"2560\" height=\"1700\" class=\"wp-block-cover__image-background wp-image-729\" alt=\"\" src=\"http:\/\/mezoactive.com\/wp-content\/uploads\/2026\/02\/Depositphotos_8632111_ds-scaled.jpg\" data-object-fit=\"cover\" srcset=\"http:\/\/mezoactive.com\/wp-content\/uploads\/2026\/02\/Depositphotos_8632111_ds-scaled.jpg 2560w, http:\/\/mezoactive.com\/wp-content\/uploads\/2026\/02\/Depositphotos_8632111_ds-300x199.jpg 300w, http:\/\/mezoactive.com\/wp-content\/uploads\/2026\/02\/Depositphotos_8632111_ds-1024x680.jpg 1024w, http:\/\/mezoactive.com\/wp-content\/uploads\/2026\/02\/Depositphotos_8632111_ds-768x510.jpg 768w, http:\/\/mezoactive.com\/wp-content\/uploads\/2026\/02\/Depositphotos_8632111_ds-1536x1020.jpg 1536w, http:\/\/mezoactive.com\/wp-content\/uploads\/2026\/02\/Depositphotos_8632111_ds-2048x1360.jpg 2048w\" sizes=\"auto, (max-width: 2560px) 100vw, 2560px\" \/><div class=\"wp-block-cover__inner-container is-layout-flow wp-block-cover-is-layout-flow\">\n<div class=\"wp-block-buttons is-layout-flex wp-block-buttons-is-layout-flex\">\n<div class=\"wp-block-button is-style-outline is-style-outline--3\"><a class=\"wp-block-button__link has-white-color has-text-color no-border-radius wp-element-button\"><strong>A<\/strong>yr\u0131nt\u0131l\u0131 Bilgi<\/a><\/div>\n<\/div>\n<\/div><\/div>\n\n\n\n<p class=\"has-text-color has-background\" style=\"color:#222222;background-color:#e5e8ed\">Mezoterapi \u00dcr\u00fcnleri<\/p>\n<\/div>\n<\/div>\n\n\n\n<div class=\"wp-block-cover alignfull is-light\" style=\"min-height:291px;aspect-ratio:unset;\"><span aria-hidden=\"true\" class=\"wp-block-cover__background has-background-dim wp-block-cover__gradient-background has-background-gradient\" style=\"background-color:#d8d7dd;background:linear-gradient(180deg,rgb(255,255,255) 0%,rgb(229,232,237) 100%)\"><\/span><img loading=\"lazy\" decoding=\"async\" width=\"2560\" height=\"1707\" class=\"wp-block-cover__image-background wp-image-718\" alt=\"\" src=\"http:\/\/mezoactive.com\/wp-content\/uploads\/2026\/02\/AA0K2741-scaled.jpg\" style=\"object-position:56% 54%\" data-object-fit=\"cover\" data-object-position=\"56% 54%\" srcset=\"http:\/\/mezoactive.com\/wp-content\/uploads\/2026\/02\/AA0K2741-scaled.jpg 2560w, http:\/\/mezoactive.com\/wp-content\/uploads\/2026\/02\/AA0K2741-300x200.jpg 300w, http:\/\/mezoactive.com\/wp-content\/uploads\/2026\/02\/AA0K2741-1024x683.jpg 1024w, http:\/\/mezoactive.com\/wp-content\/uploads\/2026\/02\/AA0K2741-768x512.jpg 768w, http:\/\/mezoactive.com\/wp-content\/uploads\/2026\/02\/AA0K2741-1536x1024.jpg 1536w, http:\/\/mezoactive.com\/wp-content\/uploads\/2026\/02\/AA0K2741-2048x1365.jpg 2048w\" sizes=\"auto, (max-width: 2560px) 100vw, 2560px\" \/><div class=\"wp-block-cover__inner-container is-layout-flow wp-block-cover-is-layout-flow\">\n<h2 class=\"has-text-color\" style=\"color:#222222;font-size:40px;margin-bottom:0.1em\">\u0130leri Teknolojik \u00dcr\u00fcnler.<\/h2>\n\n\n\n<p class=\"has-text-color\" style=\"color:#7d4202;font-size:22px\">Y\u00fcksek Teknoloji<\/p>\n\n\n\n<div style=\"height:15px\" aria-hidden=\"true\" class=\"wp-block-spacer\"><\/div>\n\n\n\n<p class=\"has-text-color\" style=\"color:#626262\"><\/p>\n<\/div><\/div>\n\n\n\n<h2 class=\"wp-block-heading has-text-align-center has-text-color\" style=\"color:#3a3160;font-size:40px\"><\/h2>\n\n\n\n<figure class=\"wp-block-embed is-type-video is-provider-vimeo wp-block-embed-vimeo wp-embed-aspect-16-9 wp-has-aspect-ratio\"><div class=\"wp-block-embed__wrapper\">\n<iframe loading=\"lazy\" title=\"Ba\u015flang\u0131\u00e7\" src=\"https:\/\/player.vimeo.com\/video\/1162345978?dnt=1&amp;app_id=122963\" width=\"500\" height=\"281\" frameborder=\"0\" allow=\"autoplay; fullscreen; picture-in-picture; clipboard-write; encrypted-media; web-share\" referrerpolicy=\"strict-origin-when-cross-origin\"><\/iframe>\n<\/div><\/figure>\n","protected":false},"excerpt":{"rendered":"<p>Rejeunesse hakk\u0131nda daha fazla bilgi E\u011fitim videolar\u0131 Mezoterapi \u00dcr\u00fcnleri<\/p>\n","protected":false},"author":1,"featured_media":0,"parent":0,"menu_order":0,"comment_status":"closed","ping_status":"closed","template":"","meta":{"_citadela_hide_page_title":"1","_citadela_remove_header_space":"1","_citadela_custom_class":"","_citadela_half_map_provider":"","_citadela_half_map_theme":"","_citadela_half_map_themeOSM":"","_citadela_half_map_customTheme":"","_citadela_half_map_dataType":"","_citadela_half_map_dynamicTrack":false,"_citadela_half_map_trackColor":"","_citadela_half_map_trackEndpointsColor":"","_citadela_half_map_filterCategory":"","_citadela_half_map_filterLocation":"","_citadela_half_map_filterFeatured":false,"_citadela_half_map_noDataBehavior":"empty-map","_citadela_half_map_noDataText":"","_citadela_half_map_clusterGridSize":80,"_citadela_header":false,"_citadela_header_over_content":false,"_citadela_header_text_color":"","_citadela_header_logo":[],"_citadela_header_bg_image":[],"_citadela_header_bg_position":[],"_citadela_header_bg_size":"","_citadela_header_bg_repeat":"","_citadela_header_bg_fixed":false,"_citadela_header_bg_color":"","_citadela_header_bg_image_overlay":"","_citadela_header_transparent_bg":false,"_citadela_content_width":"","_citadela_half_layout_position":"","footnotes":""},"class_list":["post-580","page","type-page","status-publish","hentry"],"_links":{"self":[{"href":"http:\/\/mezoactive.com\/index.php?rest_route=\/wp\/v2\/pages\/580","targetHints":{"allow":["GET"]}}],"collection":[{"href":"http:\/\/mezoactive.com\/index.php?rest_route=\/wp\/v2\/pages"}],"about":[{"href":"http:\/\/mezoactive.com\/index.php?rest_route=\/wp\/v2\/types\/page"}],"author":[{"embeddable":true,"href":"http:\/\/mezoactive.com\/index.php?rest_route=\/wp\/v2\/users\/1"}],"replies":[{"embeddable":true,"href":"http:\/\/mezoactive.com\/index.php?rest_route=%2Fwp%2Fv2%2Fcomments&post=580"}],"version-history":[{"count":18,"href":"http:\/\/mezoactive.com\/index.php?rest_route=\/wp\/v2\/pages\/580\/revisions"}],"predecessor-version":[{"id":719,"href":"http:\/\/mezoactive.com\/index.php?rest_route=\/wp\/v2\/pages\/580\/revisions\/719"}],"wp:attachment":[{"href":"http:\/\/mezoactive.com\/index.php?rest_route=%2Fwp%2Fv2%2Fmedia&parent=580"}],"curies":[{"name":"wp","href":"https:\/\/api.w.org\/{rel}","templated":true}]}}